{"id":9,"date":"2019-10-23T21:31:12","date_gmt":"2019-10-23T19:31:12","guid":{"rendered":"http:\/\/ariel-france.fr\/?page_id=9"},"modified":"2019-10-27T13:46:35","modified_gmt":"2019-10-27T12:46:35","slug":"a-propos-de","status":"publish","type":"page","link":"https:\/\/ariel-france.fr\/index.php\/a-propos-de\/","title":{"rendered":"Ariel Nomad"},"content":{"rendered":"<p>D\u00e8s sa sortie en 2015, l&rsquo;Ariel Nomad a marqu\u00e9 les esprits, d&rsquo;abord par son design incroyable, puis par une interrogation majeure : mais \u00e0 quoi cela sert il ?<\/p>\n<p>Le Nomad est pourtant un vrai succ\u00e8s commercial pour Ariel et ce n&rsquo;est pas surprenant.<\/p>\n<p>Il y a deux types de propri\u00e9taires de Nomad, celui qui s&rsquo;en sert sur des chemins, en off-road ou dans des domaines priv\u00e9es avec des pistes, et il y a la grande majorit\u00e9 qui roule sur route, beaucoup, car le Nomad permet de faire de nombreux kilom\u00e8tres avec un excellent confort de suspension et un pare-brise optionnel. Imaginez vous en road-trip en montagne ou en Ard\u00e8che, tiens un beau chemin qui part et serpente sur la colline , avec le Nomad vous y mettrez vos roues sans probl\u00e8me, il est pr\u00e9vu pour \u00e7a, comme pour une ballade sur des pistes en Espagne ou dans le sable d&rsquo;Afrique du Nord.<\/p>\n<p>Sa conduite est grisante, comme vous le lirez dans toutes les revues qui l&rsquo;ont essay\u00e9, il est tr\u00e8s facile de se faire plaisir avec un Nomad, d\u00e8s que vous rencontrez un virage ! Mais vous voulez aussi faire une sortie circuit ? changer les roues et allez y, vous serez surpris , les autres pilotes aussi !<\/p>\n<p>Le Nomad ne peut pas \u00eatre homologu\u00e9 en France, malheureusement.<\/p>\n\n\n<div class=\"wp-block-image\"><figure class=\"alignleft is-resized\"><img loading=\"lazy\" decoding=\"async\" src=\"http:\/\/ariel-france.fr\/wp-content\/uploads\/2019\/10\/Nomad_High_Front_3qrtr-1024x767.png\" alt=\"\" class=\"wp-image-109\" width=\"346\" height=\"258\" srcset=\"https:\/\/ariel-france.fr\/wp-content\/uploads\/2019\/10\/Nomad_High_Front_3qrtr-1024x767.png 1024w, https:\/\/ariel-france.fr\/wp-content\/uploads\/2019\/10\/Nomad_High_Front_3qrtr-300x225.png 300w, https:\/\/ariel-france.fr\/wp-content\/uploads\/2019\/10\/Nomad_High_Front_3qrtr-768x575.png 768w, https:\/\/ariel-france.fr\/wp-content\/uploads\/2019\/10\/Nomad_High_Front_3qrtr.png 1081w\" sizes=\"auto, (max-width: 346px) 100vw, 346px\" \/><\/figure><\/div>\n\n\n\n<figure class=\"wp-block-image is-resized\"><img loading=\"lazy\" decoding=\"async\" src=\"http:\/\/ariel-france.fr\/wp-content\/uploads\/2019\/10\/nomadFactory-1024x768.jpg\" alt=\"\" class=\"wp-image-110\" width=\"260\" height=\"195\" srcset=\"https:\/\/ariel-france.fr\/wp-content\/uploads\/2019\/10\/nomadFactory-1024x768.jpg 1024w, https:\/\/ariel-france.fr\/wp-content\/uploads\/2019\/10\/nomadFactory-300x225.jpg 300w, https:\/\/ariel-france.fr\/wp-content\/uploads\/2019\/10\/nomadFactory-768x576.jpg 768w, https:\/\/ariel-france.fr\/wp-content\/uploads\/2019\/10\/nomadFactory.jpg 1200w\" sizes=\"auto, (max-width: 260px) 100vw, 260px\" \/><\/figure>\n\n\n\n<p><\/p>\n","protected":false},"excerpt":{"rendered":"<p>D\u00e8s sa sortie en 2015, l&rsquo;Ariel Nomad a marqu\u00e9 les esprits, d&rsquo;abord par son design incroyable, puis par une interrogation majeure : mais \u00e0 quoi cela sert il ? Le Nomad est pourtant un vrai succ\u00e8s commercial pour Ariel et ce n&rsquo;est pas surprenant. Il y a deux types de propri\u00e9taires de Nomad, celui qui &hellip; <\/p>\n<p class=\"link-more\"><a href=\"https:\/\/ariel-france.fr\/index.php\/a-propos-de\/\" class=\"more-link\">Continuer la lecture<span class=\"screen-reader-text\"> de &laquo;&nbsp;Ariel Nomad&nbsp;&raquo;<\/span><\/a><\/p>\n","protected":false},"author":1,"featured_media":59,"parent":0,"menu_order":0,"comment_status":"closed","ping_status":"closed","template":"","meta":{"footnotes":""},"class_list":["post-9","page","type-page","status-publish","has-post-thumbnail","hentry"],"yoast_head":"<!-- This site is optimized with the Yoast SEO plugin v27.4 - https:\/\/yoast.com\/product\/yoast-seo-wordpress\/ -->\n<title>Ariel Nomad - Extrem Road Cars SAS<\/title>\n<meta name=\"robots\" content=\"index, follow, max-snippet:-1, max-image-preview:large, max-video-preview:-1\" \/>\n<link rel=\"canonical\" href=\"https:\/\/ariel-france.fr\/index.php\/a-propos-de\/\" \/>\n<meta property=\"og:locale\" content=\"fr_FR\" \/>\n<meta property=\"og:type\" content=\"article\" \/>\n<meta property=\"og:title\" content=\"Ariel Nomad - Extrem Road Cars SAS\" \/>\n<meta property=\"og:description\" content=\"D\u00e8s sa sortie en 2015, l&rsquo;Ariel Nomad a marqu\u00e9 les esprits, d&rsquo;abord par son design incroyable, puis par une interrogation majeure : mais \u00e0 quoi cela sert il ? Le Nomad est pourtant un vrai succ\u00e8s commercial pour Ariel et ce n&rsquo;est pas surprenant. Il y a deux types de propri\u00e9taires de Nomad, celui qui &hellip; Continuer la lecture de &laquo;&nbsp;Ariel Nomad&nbsp;&raquo;\" \/>\n<meta property=\"og:url\" content=\"https:\/\/ariel-france.fr\/index.php\/a-propos-de\/\" \/>\n<meta property=\"og:site_name\" content=\"Extrem Road Cars SAS\" \/>\n<meta property=\"article:modified_time\" content=\"2019-10-27T12:46:35+00:00\" \/>\n<meta property=\"og:image\" content=\"https:\/\/ariel-france.fr\/wp-content\/uploads\/2019\/10\/8-nomad-high-rear.jpg\" \/>\n\t<meta property=\"og:image:width\" content=\"2560\" \/>\n\t<meta property=\"og:image:height\" content=\"1781\" \/>\n\t<meta property=\"og:image:type\" content=\"image\/jpeg\" \/>\n<meta name=\"twitter:card\" content=\"summary_large_image\" \/>\n<meta name=\"twitter:label1\" content=\"Dur\u00e9e de lecture estim\u00e9e\" \/>\n\t<meta name=\"twitter:data1\" content=\"1 minute\" \/>\n<script type=\"application\/ld+json\" class=\"yoast-schema-graph\">{\"@context\":\"https:\\\/\\\/schema.org\",\"@graph\":[{\"@type\":\"WebPage\",\"@id\":\"https:\\\/\\\/ariel-france.fr\\\/index.php\\\/a-propos-de\\\/\",\"url\":\"https:\\\/\\\/ariel-france.fr\\\/index.php\\\/a-propos-de\\\/\",\"name\":\"Ariel Nomad - Extrem Road Cars SAS\",\"isPartOf\":{\"@id\":\"https:\\\/\\\/ariel-france.fr\\\/#website\"},\"primaryImageOfPage\":{\"@id\":\"https:\\\/\\\/ariel-france.fr\\\/index.php\\\/a-propos-de\\\/#primaryimage\"},\"image\":{\"@id\":\"https:\\\/\\\/ariel-france.fr\\\/index.php\\\/a-propos-de\\\/#primaryimage\"},\"thumbnailUrl\":\"https:\\\/\\\/ariel-france.fr\\\/wp-content\\\/uploads\\\/2019\\\/10\\\/8-nomad-high-rear.jpg\",\"datePublished\":\"2019-10-23T19:31:12+00:00\",\"dateModified\":\"2019-10-27T12:46:35+00:00\",\"breadcrumb\":{\"@id\":\"https:\\\/\\\/ariel-france.fr\\\/index.php\\\/a-propos-de\\\/#breadcrumb\"},\"inLanguage\":\"fr-FR\",\"potentialAction\":[{\"@type\":\"ReadAction\",\"target\":[\"https:\\\/\\\/ariel-france.fr\\\/index.php\\\/a-propos-de\\\/\"]}]},{\"@type\":\"ImageObject\",\"inLanguage\":\"fr-FR\",\"@id\":\"https:\\\/\\\/ariel-france.fr\\\/index.php\\\/a-propos-de\\\/#primaryimage\",\"url\":\"https:\\\/\\\/ariel-france.fr\\\/wp-content\\\/uploads\\\/2019\\\/10\\\/8-nomad-high-rear.jpg\",\"contentUrl\":\"https:\\\/\\\/ariel-france.fr\\\/wp-content\\\/uploads\\\/2019\\\/10\\\/8-nomad-high-rear.jpg\",\"width\":2560,\"height\":1781},{\"@type\":\"BreadcrumbList\",\"@id\":\"https:\\\/\\\/ariel-france.fr\\\/index.php\\\/a-propos-de\\\/#breadcrumb\",\"itemListElement\":[{\"@type\":\"ListItem\",\"position\":1,\"name\":\"Accueil\",\"item\":\"https:\\\/\\\/ariel-france.fr\\\/\"},{\"@type\":\"ListItem\",\"position\":2,\"name\":\"Ariel Nomad\"}]},{\"@type\":\"WebSite\",\"@id\":\"https:\\\/\\\/ariel-france.fr\\\/#website\",\"url\":\"https:\\\/\\\/ariel-france.fr\\\/\",\"name\":\"Extrem Road Cars SAS\",\"description\":\"Distributeur officiel Ariel Motor pour la France\",\"publisher\":{\"@id\":\"https:\\\/\\\/ariel-france.fr\\\/#organization\"},\"potentialAction\":[{\"@type\":\"SearchAction\",\"target\":{\"@type\":\"EntryPoint\",\"urlTemplate\":\"https:\\\/\\\/ariel-france.fr\\\/?s={search_term_string}\"},\"query-input\":{\"@type\":\"PropertyValueSpecification\",\"valueRequired\":true,\"valueName\":\"search_term_string\"}}],\"inLanguage\":\"fr-FR\"},{\"@type\":\"Organization\",\"@id\":\"https:\\\/\\\/ariel-france.fr\\\/#organization\",\"name\":\"Extrem Road Cars SAS\",\"url\":\"https:\\\/\\\/ariel-france.fr\\\/\",\"logo\":{\"@type\":\"ImageObject\",\"inLanguage\":\"fr-FR\",\"@id\":\"https:\\\/\\\/ariel-france.fr\\\/#\\\/schema\\\/logo\\\/image\\\/\",\"url\":\"https:\\\/\\\/ariel-france.fr\\\/wp-content\\\/uploads\\\/2019\\\/10\\\/cropped-ariel-logo-blanc.png\",\"contentUrl\":\"https:\\\/\\\/ariel-france.fr\\\/wp-content\\\/uploads\\\/2019\\\/10\\\/cropped-ariel-logo-blanc.png\",\"width\":250,\"height\":250,\"caption\":\"Extrem Road Cars SAS\"},\"image\":{\"@id\":\"https:\\\/\\\/ariel-france.fr\\\/#\\\/schema\\\/logo\\\/image\\\/\"}}]}<\/script>\n<!-- \/ Yoast SEO plugin. -->","yoast_head_json":{"title":"Ariel Nomad - Extrem Road Cars SAS","robots":{"index":"index","follow":"follow","max-snippet":"max-snippet:-1","max-image-preview":"max-image-preview:large","max-video-preview":"max-video-preview:-1"},"canonical":"https:\/\/ariel-france.fr\/index.php\/a-propos-de\/","og_locale":"fr_FR","og_type":"article","og_title":"Ariel Nomad - Extrem Road Cars SAS","og_description":"D\u00e8s sa sortie en 2015, l&rsquo;Ariel Nomad a marqu\u00e9 les esprits, d&rsquo;abord par son design incroyable, puis par une interrogation majeure : mais \u00e0 quoi cela sert il ? Le Nomad est pourtant un vrai succ\u00e8s commercial pour Ariel et ce n&rsquo;est pas surprenant. Il y a deux types de propri\u00e9taires de Nomad, celui qui &hellip; Continuer la lecture de &laquo;&nbsp;Ariel Nomad&nbsp;&raquo;","og_url":"https:\/\/ariel-france.fr\/index.php\/a-propos-de\/","og_site_name":"Extrem Road Cars SAS","article_modified_time":"2019-10-27T12:46:35+00:00","og_image":[{"width":2560,"height":1781,"url":"https:\/\/ariel-france.fr\/wp-content\/uploads\/2019\/10\/8-nomad-high-rear.jpg","type":"image\/jpeg"}],"twitter_card":"summary_large_image","twitter_misc":{"Dur\u00e9e de lecture estim\u00e9e":"1 minute"},"schema":{"@context":"https:\/\/schema.org","@graph":[{"@type":"WebPage","@id":"https:\/\/ariel-france.fr\/index.php\/a-propos-de\/","url":"https:\/\/ariel-france.fr\/index.php\/a-propos-de\/","name":"Ariel Nomad - Extrem Road Cars SAS","isPartOf":{"@id":"https:\/\/ariel-france.fr\/#website"},"primaryImageOfPage":{"@id":"https:\/\/ariel-france.fr\/index.php\/a-propos-de\/#primaryimage"},"image":{"@id":"https:\/\/ariel-france.fr\/index.php\/a-propos-de\/#primaryimage"},"thumbnailUrl":"https:\/\/ariel-france.fr\/wp-content\/uploads\/2019\/10\/8-nomad-high-rear.jpg","datePublished":"2019-10-23T19:31:12+00:00","dateModified":"2019-10-27T12:46:35+00:00","breadcrumb":{"@id":"https:\/\/ariel-france.fr\/index.php\/a-propos-de\/#breadcrumb"},"inLanguage":"fr-FR","potentialAction":[{"@type":"ReadAction","target":["https:\/\/ariel-france.fr\/index.php\/a-propos-de\/"]}]},{"@type":"ImageObject","inLanguage":"fr-FR","@id":"https:\/\/ariel-france.fr\/index.php\/a-propos-de\/#primaryimage","url":"https:\/\/ariel-france.fr\/wp-content\/uploads\/2019\/10\/8-nomad-high-rear.jpg","contentUrl":"https:\/\/ariel-france.fr\/wp-content\/uploads\/2019\/10\/8-nomad-high-rear.jpg","width":2560,"height":1781},{"@type":"BreadcrumbList","@id":"https:\/\/ariel-france.fr\/index.php\/a-propos-de\/#breadcrumb","itemListElement":[{"@type":"ListItem","position":1,"name":"Accueil","item":"https:\/\/ariel-france.fr\/"},{"@type":"ListItem","position":2,"name":"Ariel Nomad"}]},{"@type":"WebSite","@id":"https:\/\/ariel-france.fr\/#website","url":"https:\/\/ariel-france.fr\/","name":"Extrem Road Cars SAS","description":"Distributeur officiel Ariel Motor pour la France","publisher":{"@id":"https:\/\/ariel-france.fr\/#organization"},"potentialAction":[{"@type":"SearchAction","target":{"@type":"EntryPoint","urlTemplate":"https:\/\/ariel-france.fr\/?s={search_term_string}"},"query-input":{"@type":"PropertyValueSpecification","valueRequired":true,"valueName":"search_term_string"}}],"inLanguage":"fr-FR"},{"@type":"Organization","@id":"https:\/\/ariel-france.fr\/#organization","name":"Extrem Road Cars SAS","url":"https:\/\/ariel-france.fr\/","logo":{"@type":"ImageObject","inLanguage":"fr-FR","@id":"https:\/\/ariel-france.fr\/#\/schema\/logo\/image\/","url":"https:\/\/ariel-france.fr\/wp-content\/uploads\/2019\/10\/cropped-ariel-logo-blanc.png","contentUrl":"https:\/\/ariel-france.fr\/wp-content\/uploads\/2019\/10\/cropped-ariel-logo-blanc.png","width":250,"height":250,"caption":"Extrem Road Cars SAS"},"image":{"@id":"https:\/\/ariel-france.fr\/#\/schema\/logo\/image\/"}}]}},"_links":{"self":[{"href":"https:\/\/ariel-france.fr\/index.php\/wp-json\/wp\/v2\/pages\/9","targetHints":{"allow":["GET"]}}],"collection":[{"href":"https:\/\/ariel-france.fr\/index.php\/wp-json\/wp\/v2\/pages"}],"about":[{"href":"https:\/\/ariel-france.fr\/index.php\/wp-json\/wp\/v2\/types\/page"}],"author":[{"embeddable":true,"href":"https:\/\/ariel-france.fr\/index.php\/wp-json\/wp\/v2\/users\/1"}],"replies":[{"embeddable":true,"href":"https:\/\/ariel-france.fr\/index.php\/wp-json\/wp\/v2\/comments?post=9"}],"version-history":[{"count":5,"href":"https:\/\/ariel-france.fr\/index.php\/wp-json\/wp\/v2\/pages\/9\/revisions"}],"predecessor-version":[{"id":146,"href":"https:\/\/ariel-france.fr\/index.php\/wp-json\/wp\/v2\/pages\/9\/revisions\/146"}],"wp:featuredmedia":[{"embeddable":true,"href":"https:\/\/ariel-france.fr\/index.php\/wp-json\/wp\/v2\/media\/59"}],"wp:attachment":[{"href":"https:\/\/ariel-france.fr\/index.php\/wp-json\/wp\/v2\/media?parent=9"}],"curies":[{"name":"wp","href":"https:\/\/api.w.org\/{rel}","templated":true}]}}