{"id":32,"date":"2019-10-23T21:37:19","date_gmt":"2019-10-23T19:37:19","guid":{"rendered":"http:\/\/ariel-france.fr\/?page_id=32"},"modified":"2019-12-10T22:23:40","modified_gmt":"2019-12-10T21:23:40","slug":"histoire-de-la-marque","status":"publish","type":"page","link":"https:\/\/ariel-france.fr\/index.php\/histoire-de-la-marque\/","title":{"rendered":"Histoire de la marque"},"content":{"rendered":"\n<div class=\"wp-block-columns has-2-columns is-layout-flex wp-container-core-columns-is-layout-9d6595d7 wp-block-columns-is-layout-flex\">\n<div class=\"wp-block-column is-layout-flow wp-block-column-is-layout-flow\">\n<figure class=\"wp-block-image\"><img decoding=\"async\" src=\"https:\/\/www.arielmotor.co.uk\/style\/temp\/quoteOpen.png\" alt=\"\"\/><\/figure>\n\n\n\n<p><strong>&nbsp;La voiture la plus dingue du moment<\/strong><\/p>\n\n\n\n<figure class=\"wp-block-image\"><img decoding=\"async\" src=\"https:\/\/www.arielmotor.co.uk\/style\/temp\/quoteClose.png\" alt=\"\"\/><figcaption>The Independent<\/figcaption><\/figure>\n<\/div>\n\n\n\n<div class=\"wp-block-column is-layout-flow wp-block-column-is-layout-flow\">\n<p>De leur premier v\u00e9lo \u00e0 roue de 48 pouces, brevet\u00e9 en 1870, jusqu&rsquo;aux mod\u00e8les de voitures que l&rsquo;on connait aujourd&rsquo;hui, Ariel a toujours innov\u00e9 tant au niveau design que technique.<\/p>\n\n\n\n<p>Pr\u00e9sent depuis le d\u00e9but de l&rsquo;\u00e8re du transport, Ariel produit maintenant les v\u00e9hicules les plus performants et int\u00e9ressants au monde.<br><br>De la bicyclette \u00e0 la moto, du quadricycle a la voiture de sport, Ariel reste unique.<br><br>Un h\u00e9ritage de 150 ans, avec les derni\u00e8res technologies actuelles.<\/p>\n\n\n\n<p><\/p>\n<\/div>\n<\/div>\n\n\n\n<div class=\"ariel_history_container\">\n\t<div class=\"ariel_history_model\">\n\t\t<div class=\"ariel_history_model_text\">\n\t\t\t<div class=\"ariel_history_model_name\">\n\t\t\t\tAriel Ordinary\n\t\t\t<\/div>\n\t\t\t<div class=\"ariel_history_model_description\">\n\t\t\t\tTwo speed gears, 48&Prime;\u00a0\u00bb front wheel<br>\n\t\t\t\tPatented spoke tension hubs<br>\n\t\t\t\tLightweight all steel construction\n\t\t\t<\/div>\n\t\t<\/div>\n\t\t<div class=\"ariel_history_model_year\">\n\t\t\t1870\n\t\t<\/div>\n\t\t<div class=\"ariel_history_model_picture\">\n\t\t\t<img decoding=\"async\" src=\"https:\/\/www.arielmotor.co.uk\/style\/temp\/history\/1-1870.jpg\">\n\t\t<\/div>\n\t<\/div>\n\t<div class=\"ariel_history_model\">\n\t\t<div class=\"ariel_history_model_text\">\n\t\t\t<div class=\"ariel_history_model_name\">\n\t\t\t\tAriel Quadricycle\n\t\t\t<\/div>\n\t\t\t<div class=\"ariel_history_model_description\">\n\t\t\t\tDion 344cc engine, Watercooled head<br>\n\t\t\t\t2 seater, 3 wheel single seat option<br>\n\t\t\t\tElyptical springs, pneumatic tyres\n\t\t\t<\/div>\n\t\t<\/div>\n\t\t<div class=\"ariel_history_model_year\">\n\t\t\t1900\n\t\t<\/div>\n\t\t<div class=\"ariel_history_model_picture\">\n\t\t\t<img decoding=\"async\" src=\"https:\/\/www.arielmotor.co.uk\/style\/temp\/history\/2-1900.jpg\">\n\t\t<\/div>\n\t<\/div>\n\t<div class=\"ariel_history_model\">\n\t\t<div class=\"ariel_history_model_text\">\n\t\t\t<div class=\"ariel_history_model_name\">\n\t\t\t\tAriel Grand Prix Racer\n\t\t\t<\/div>\n\t\t\t<div class=\"ariel_history_model_description\">\n\t\t\t\t2,325cc 4 cylinder engine<br>\n\t\t\t\t2 seater<br>\n\t\t\t\t1100 kilos\n\t\t\t<\/div>\n\t\t<\/div>\n\t\t<div class=\"ariel_history_model_year\">\n\t\t\t1908\n\t\t<\/div>\n\t\t<div class=\"ariel_history_model_picture\">\n\t\t\t<img decoding=\"async\" src=\"https:\/\/www.arielmotor.co.uk\/style\/temp\/history\/3-1908.jpg\">\n\t\t<\/div>\n\t<\/div>\n\t<div class=\"ariel_history_model\">\n\t\t<div class=\"ariel_history_model_text\">\n\t\t\t<div class=\"ariel_history_model_name\">\n\t\t\t\tAriel Hillclimber\n\t\t\t<\/div>\n\t\t\t<div class=\"ariel_history_model_description\">\n\t\t\t\tSimplex 3,000cc engine<br>\n\t\t\t\t60hp<br>\n\t\t\t\t4 seater aluminium body\n\t\t\t<\/div>\n\t\t<\/div>\n\t\t<div class=\"ariel_history_model_year\">\n\t\t\t1910\n\t\t<\/div>\n\t\t<div class=\"ariel_history_model_picture\">\n\t\t\t<img decoding=\"async\" src=\"https:\/\/www.arielmotor.co.uk\/style\/temp\/history\/4-1910.jpg\">\n\t\t<\/div>\n\t<\/div>\n\t<div class=\"ariel_history_model\">\n\t\t<div class=\"ariel_history_model_text\">\n\t\t\t<div class=\"ariel_history_model_name\">\n\t\t\t\tAriel 5-6 Combination\n\t\t\t<\/div>\n\t\t\t<div class=\"ariel_history_model_description\">\n\t\t\t\tSingle cylinder engine<br>\n\t\t\t\t670cc 5-6 hp<br>\n\t\t\t\t3 speed gearbox\n\t\t\t<\/div>\n\t\t<\/div>\n\t\t<div class=\"ariel_history_model_year\">\n\t\t\t1916\n\t\t<\/div>\n\t\t<div class=\"ariel_history_model_picture\">\n\t\t\t<img decoding=\"async\" src=\"https:\/\/www.arielmotor.co.uk\/style\/temp\/history\/5-1916.jpg\">\n\t\t<\/div>\n\t<\/div>\n\t<div class=\"ariel_history_model\">\n\t\t<div class=\"ariel_history_model_text\">\n\t\t\t<div class=\"ariel_history_model_name\">\n\t\t\t\tAriel Model E Super Sports\n\t\t\t<\/div>\n\t\t\t<div class=\"ariel_history_model_description\">\n\t\t\t\t500cc Twin port engine<br>\n\t\t\t\t3 speed gearbox<br>\n\t\t\t\tHand gearchange\n\t\t\t<\/div>\n\t\t<\/div>\n\t\t<div class=\"ariel_history_model_year\">\n\t\t\t1928\n\t\t<\/div>\n\t\t<div class=\"ariel_history_model_picture\">\n\t\t\t<img decoding=\"async\" src=\"https:\/\/www.arielmotor.co.uk\/style\/temp\/history\/6-1928.jpg\">\n\t\t<\/div>\n\t<\/div>\n\t<div class=\"ariel_history_model\">\n\t\t<div class=\"ariel_history_model_text\">\n\t\t\t<div class=\"ariel_history_model_name\">\n\t\t\t\tAriel Red Hunter\n\t\t\t<\/div>\n\t\t\t<div class=\"ariel_history_model_description\">\n\t\t\t\t500cc single cylinder<br>\n\t\t\t\t27bhp, 4 speed gearbox<br>\n\t\t\t\tMagneto ignition\n\t\t\t<\/div>\n\t\t<\/div>\n\t\t<div class=\"ariel_history_model_year\">\n\t\t\t1935\n\t\t<\/div>\n\t\t<div class=\"ariel_history_model_picture\">\n\t\t\t<img decoding=\"async\" src=\"https:\/\/www.arielmotor.co.uk\/style\/temp\/history\/7-1935.jpg\">\n\t\t<\/div>\n\t<\/div>\n\t<div class=\"ariel_history_model\">\n\t\t<div class=\"ariel_history_model_text\">\n\t\t\t<div class=\"ariel_history_model_name\">\n\t\t\t\tAriel VCH\n\t\t\t<\/div>\n\t\t\t<div class=\"ariel_history_model_description\">\n\t\t\t\tT500cc Single cylinder<br>\n\t\t\t\tMagnesium crankcase<br>\n\t\t\t\tBurman 4 speed gearbox\n\t\t\t<\/div>\n\t\t<\/div>\n\t\t<div class=\"ariel_history_model_year\">\n\t\t\t1949\n\t\t<\/div>\n\t\t<div class=\"ariel_history_model_picture\">\n\t\t\t<img decoding=\"async\" src=\"https:\/\/www.arielmotor.co.uk\/style\/temp\/history\/8-1949.jpg\">\n\t\t<\/div>\n\t<\/div>\n\t<div class=\"ariel_history_model\">\n\t\t<div class=\"ariel_history_model_text\">\n\t\t\t<div class=\"ariel_history_model_name\">\n\t\t\t\tAriel Square 4\n\t\t\t<\/div>\n\t\t\t<div class=\"ariel_history_model_description\">\n\t\t\t\t1000cc 4 cylinder engine<br>\n\t\t\t\tTwin crankshafts, 42bhp<br>\n\t\t\t\tAnstey link rear suspenspension\n\t\t\t<\/div>\n\t\t<\/div>\n\t\t<div class=\"ariel_history_model_year\">\n\t\t\t1955\n\t\t<\/div>\n\t\t<div class=\"ariel_history_model_picture\">\n\t\t\t<img decoding=\"async\" src=\"https:\/\/www.arielmotor.co.uk\/style\/temp\/history\/9-1955.jpg\">\n\t\t<\/div>\n\t<\/div>\n\t<div class=\"ariel_history_model\">\n\t\t<div class=\"ariel_history_model_text\">\n\t\t\t<div class=\"ariel_history_model_name\">\n\t\t\t\tAriel Arrow\n\t\t\t<\/div>\n\t\t\t<div class=\"ariel_history_model_description\">\n\t\t\t\t250cc, 20 bhp 2 stroke twin cylinder engine<br>\n\t\t\t\tPressed steel frame<br>\n\t\t\t\tTrailing link front forks\n\t\t\t<\/div>\n\t\t<\/div>\n\t\t<div class=\"ariel_history_model_year\">\n\t\t\t1963\n\t\t<\/div>\n\t\t<div class=\"ariel_history_model_picture\">\n\t\t\t<img decoding=\"async\" src=\"https:\/\/www.arielmotor.co.uk\/style\/temp\/history\/10-1963.jpg\">\n\t\t<\/div>\n\t<\/div>\n\t<div class=\"ariel_history_model\">\n\t\t<div class=\"ariel_history_model_text\">\n\t\t\t<div class=\"ariel_history_model_name\">\n\t\t\t\tAriel Healey 4\n\t\t\t<\/div>\n\t\t\t<div class=\"ariel_history_model_description\">\n\t\t\t\t1000cc 4 cylinder engine<br>\n\t\t\t\tCradle frame, swing arm rear suspension<br>\n\t\t\t\t170kg\n\t\t\t<\/div>\n\t\t<\/div>\n\t\t<div class=\"ariel_history_model_year\">\n\t\t\t1973\n\t\t<\/div>\n\t\t<div class=\"ariel_history_model_picture\">\n\t\t\t<img decoding=\"async\" src=\"https:\/\/www.arielmotor.co.uk\/style\/temp\/history\/11-1973.jpg\">\n\t\t<\/div>\n\t<\/div>\n\t<div class=\"ariel_history_model\">\n\t\t<div class=\"ariel_history_model_text\">\n\t\t\t<div class=\"ariel_history_model_name\">\n\t\t\t\tAriel Atom\n\t\t\t<\/div>\n\t\t\t<div class=\"ariel_history_model_description\">\n\t\t\t\tRover K Series engine<br>\n\t\t\t\t1800cc, 120 &#8211; 190bhp<br>\n\t\t\t\t5 speed gearbox\n\t\t\t<\/div>\n\t\t<\/div>\n\t\t<div class=\"ariel_history_model_year\">\n\t\t\t2000\n\t\t<\/div>\n\t\t<div class=\"ariel_history_model_picture\">\n\t\t\t<img decoding=\"async\" src=\"https:\/\/www.arielmotor.co.uk\/style\/temp\/history\/12-2000.jpg\">\n\t\t<\/div>\n\t<\/div>\n\t<div class=\"ariel_history_model\">\n\t\t<div class=\"ariel_history_model_text\">\n\t\t\t<div class=\"ariel_history_model_name\">\n\t\t\t\tAriel Atom 2\n\t\t\t<\/div>\n\t\t\t<div class=\"ariel_history_model_description\">\n\t\t\t\tHonda K20A engine<br>\n\t\t\t\t160, 220 or 300bhp Supercharged<br>\n\t\t\t\t6 speed gearbox\n\t\t\t<\/div>\n\t\t<\/div>\n\t\t<div class=\"ariel_history_model_year\">\n\t\t\t2003\n\t\t<\/div>\n\t\t<div class=\"ariel_history_model_picture\">\n\t\t\t<img decoding=\"async\" src=\"https:\/\/www.arielmotor.co.uk\/style\/temp\/history\/13-2003.jpg\">\n\t\t<\/div>\n\t<\/div>\n\t<div class=\"ariel_history_model\">\n\t\t<div class=\"ariel_history_model_text\">\n\t\t\t<div class=\"ariel_history_model_name\">\n\t\t\t\tAriel Atom 3\n\t\t\t<\/div>\n\t\t\t<div class=\"ariel_history_model_description\">\n\t\t\t\tHonda K20Z4 2.0L Engine<br>\n\t\t\t\t245 or 300bhp Supercharged<br>\n\t\t\t\tRevised chassis and suspension\n\t\t\t<\/div>\n\t\t<\/div>\n\t\t<div class=\"ariel_history_model_year\">\n\t\t\t2007\n\t\t<\/div>\n\t\t<div class=\"ariel_history_model_picture\">\n\t\t\t<img decoding=\"async\" src=\"https:\/\/www.arielmotor.co.uk\/style\/temp\/history\/14-2007.jpg\">\n\t\t<\/div>\n\t<\/div>\n\t<div class=\"ariel_history_model\">\n\t\t<div class=\"ariel_history_model_text\">\n\t\t\t<div class=\"ariel_history_model_name\">\n\t\t\t\tAriel V8\n\t\t\t<\/div>\n\t\t\t<div class=\"ariel_history_model_description\">\n\t\t\t\tV8 3.0L or 3.2L<br>\n\t\t\t\t475bhp or 500bhp<br>\n\t\t\t\t0-60mph in 2.3 seconds\n\t\t\t<\/div>\n\t\t<\/div>\n\t\t<div class=\"ariel_history_model_year\">\n\t\t\t2010\n\t\t<\/div>\n\t\t<div class=\"ariel_history_model_picture\">\n\t\t\t<img decoding=\"async\" src=\"https:\/\/www.arielmotor.co.uk\/style\/temp\/history\/15-2010.jpg\">\n\t\t<\/div>\n\t<\/div>\n\t<div class=\"ariel_history_model\">\n\t\t<div class=\"ariel_history_model_text\">\n\t\t\t<div class=\"ariel_history_model_name\">\n\t\t\t\tAriel Atom 3.5\n\t\t\t<\/div>\n\t\t\t<div class=\"ariel_history_model_description\">\n\t\t\t\tHonda K20Z4 2.0L Engine<br>\n\t\t\t\t245bhp, 310bhp or R350bhp Supercharged<br>\n\t\t\t\tRevised chassis and lighting\n\t\t\t<\/div>\n\t\t<\/div>\n\t\t<div class=\"ariel_history_model_year\">\n\t\t\t2013\n\t\t<\/div>\n\t\t<div class=\"ariel_history_model_picture\">\n\t\t\t<img decoding=\"async\" src=\"https:\/\/www.arielmotor.co.uk\/style\/temp\/history\/16-2013.jpg\">\n\t\t<\/div>\n\t<\/div>\n\t<div class=\"ariel_history_model\">\n\t\t<div class=\"ariel_history_model_text\">\n\t\t\t<div class=\"ariel_history_model_name\">\n\t\t\t\tAriel Ace\n\t\t\t<\/div>\n\t\t\t<div class=\"ariel_history_model_description\">\n\t\t\t\tHonda 1237cc V4<br>\n\t\t\t\t173bhp or 200bhp<br>\n\t\t\t\t6 speed or DCT transmission\n\t\t\t<\/div>\n\t\t<\/div>\n\t\t<div class=\"ariel_history_model_year\">\n\t\t\t2014\n\t\t<\/div>\n\t\t<div class=\"ariel_history_model_picture\">\n\t\t\t<img decoding=\"async\" src=\"https:\/\/www.arielmotor.co.uk\/style\/temp\/history\/17-2014.jpg\">\n\t\t<\/div>\n\t<\/div>\n\t<div class=\"ariel_history_model\">\n\t\t<div class=\"ariel_history_model_text\">\n\t\t\t<div class=\"ariel_history_model_name\">\n\t\t\t\tAriel Nomad\n\t\t\t<\/div>\n\t\t\t<div class=\"ariel_history_model_description\">\n\t\t\t\t2.4 K24 Honda 2.4L engine<br>\n\t\t\t\t235bhp or 300bhp Supercharged<br>\n\t\t\t\t6 speed transmission\n\t\t\t<\/div>\n\t\t<\/div>\n\t\t<div class=\"ariel_history_model_year\">\n\t\t\t2015\n\t\t<\/div>\n\t\t<div class=\"ariel_history_model_picture\">\n\t\t\t<img decoding=\"async\" src=\"https:\/\/www.arielmotor.co.uk\/style\/temp\/history\/18-2015.jpg\">\n\t\t<\/div>\n\t<\/div>\n\t<div class=\"ariel_history_model\">\n\t\t<div class=\"ariel_history_model_text\">\n\t\t\t<div class=\"ariel_history_model_name\">\n\t\t\t\tAriel Atom 4\n\t\t\t<\/div>\n\t\t\t<div class=\"ariel_history_model_description\">\n\t\t\t\t2.0 K20C Honda 4 cylinder i-VTEC<br>\n\t\t\t\t320bhp or 350bhp<br>\n\t\t\t\t6 speed transmission\n\t\t\t<\/div>\n\t\t<\/div>\n\t\t<div class=\"ariel_history_model_year\">\n\t\t\t2018\n\t\t<\/div>\n\t\t<div class=\"ariel_history_model_picture\">\n\t\t\t<img decoding=\"async\" src=\"https:\/\/www.arielmotor.co.uk\/style\/atom4\/history-ariel-atom-4.png\">\n\t\t<\/div>\n\t<\/div>\n<\/div>\n","protected":false},"excerpt":{"rendered":"<p>&nbsp;La voiture la plus dingue du moment De leur premier v\u00e9lo \u00e0 roue de 48 pouces, brevet\u00e9 en 1870, jusqu&rsquo;aux mod\u00e8les de voitures que l&rsquo;on connait aujourd&rsquo;hui, Ariel a toujours innov\u00e9 tant au niveau design que technique. Pr\u00e9sent depuis le d\u00e9but de l&rsquo;\u00e8re du transport, Ariel produit maintenant les v\u00e9hicules les plus performants et int\u00e9ressants &hellip; <\/p>\n<p class=\"link-more\"><a href=\"https:\/\/ariel-france.fr\/index.php\/histoire-de-la-marque\/\" class=\"more-link\">Continuer la lecture<span class=\"screen-reader-text\"> de &laquo;&nbsp;Histoire de la marque&nbsp;&raquo;<\/span><\/a><\/p>\n","protected":false},"author":1,"featured_media":0,"parent":0,"menu_order":0,"comment_status":"closed","ping_status":"closed","template":"","meta":{"footnotes":""},"class_list":["post-32","page","type-page","status-publish","hentry"],"yoast_head":"<!-- This site is optimized with the Yoast SEO plugin v27.5 - https:\/\/yoast.com\/product\/yoast-seo-wordpress\/ -->\n<title>Histoire de la marque - Extrem Road Cars SAS<\/title>\n<meta name=\"robots\" content=\"index, follow, max-snippet:-1, max-image-preview:large, max-video-preview:-1\" \/>\n<link rel=\"canonical\" href=\"https:\/\/ariel-france.fr\/index.php\/histoire-de-la-marque\/\" \/>\n<meta property=\"og:locale\" content=\"fr_FR\" \/>\n<meta property=\"og:type\" content=\"article\" \/>\n<meta property=\"og:title\" content=\"Histoire de la marque - Extrem Road Cars SAS\" \/>\n<meta property=\"og:description\" content=\"&nbsp;La voiture la plus dingue du moment De leur premier v\u00e9lo \u00e0 roue de 48 pouces, brevet\u00e9 en 1870, jusqu&rsquo;aux mod\u00e8les de voitures que l&rsquo;on connait aujourd&rsquo;hui, Ariel a toujours innov\u00e9 tant au niveau design que technique. Pr\u00e9sent depuis le d\u00e9but de l&rsquo;\u00e8re du transport, Ariel produit maintenant les v\u00e9hicules les plus performants et int\u00e9ressants &hellip; Continuer la lecture de &laquo;&nbsp;Histoire de la marque&nbsp;&raquo;\" \/>\n<meta property=\"og:url\" content=\"https:\/\/ariel-france.fr\/index.php\/histoire-de-la-marque\/\" \/>\n<meta property=\"og:site_name\" content=\"Extrem Road Cars SAS\" \/>\n<meta property=\"article:modified_time\" content=\"2019-12-10T21:23:40+00:00\" \/>\n<meta property=\"og:image\" content=\"https:\/\/www.arielmotor.co.uk\/style\/temp\/quoteOpen.png\" \/>\n<meta name=\"twitter:card\" content=\"summary_large_image\" \/>\n<meta name=\"twitter:label1\" content=\"Dur\u00e9e de lecture estim\u00e9e\" \/>\n\t<meta name=\"twitter:data1\" content=\"2 minutes\" \/>\n<script type=\"application\/ld+json\" class=\"yoast-schema-graph\">{\"@context\":\"https:\\\/\\\/schema.org\",\"@graph\":[{\"@type\":\"WebPage\",\"@id\":\"https:\\\/\\\/ariel-france.fr\\\/index.php\\\/histoire-de-la-marque\\\/\",\"url\":\"https:\\\/\\\/ariel-france.fr\\\/index.php\\\/histoire-de-la-marque\\\/\",\"name\":\"Histoire de la marque - Extrem Road Cars SAS\",\"isPartOf\":{\"@id\":\"https:\\\/\\\/ariel-france.fr\\\/#website\"},\"primaryImageOfPage\":{\"@id\":\"https:\\\/\\\/ariel-france.fr\\\/index.php\\\/histoire-de-la-marque\\\/#primaryimage\"},\"image\":{\"@id\":\"https:\\\/\\\/ariel-france.fr\\\/index.php\\\/histoire-de-la-marque\\\/#primaryimage\"},\"thumbnailUrl\":\"https:\\\/\\\/www.arielmotor.co.uk\\\/style\\\/temp\\\/quoteOpen.png\",\"datePublished\":\"2019-10-23T19:37:19+00:00\",\"dateModified\":\"2019-12-10T21:23:40+00:00\",\"breadcrumb\":{\"@id\":\"https:\\\/\\\/ariel-france.fr\\\/index.php\\\/histoire-de-la-marque\\\/#breadcrumb\"},\"inLanguage\":\"fr-FR\",\"potentialAction\":[{\"@type\":\"ReadAction\",\"target\":[\"https:\\\/\\\/ariel-france.fr\\\/index.php\\\/histoire-de-la-marque\\\/\"]}]},{\"@type\":\"ImageObject\",\"inLanguage\":\"fr-FR\",\"@id\":\"https:\\\/\\\/ariel-france.fr\\\/index.php\\\/histoire-de-la-marque\\\/#primaryimage\",\"url\":\"https:\\\/\\\/www.arielmotor.co.uk\\\/style\\\/temp\\\/quoteOpen.png\",\"contentUrl\":\"https:\\\/\\\/www.arielmotor.co.uk\\\/style\\\/temp\\\/quoteOpen.png\"},{\"@type\":\"BreadcrumbList\",\"@id\":\"https:\\\/\\\/ariel-france.fr\\\/index.php\\\/histoire-de-la-marque\\\/#breadcrumb\",\"itemListElement\":[{\"@type\":\"ListItem\",\"position\":1,\"name\":\"Accueil\",\"item\":\"https:\\\/\\\/ariel-france.fr\\\/\"},{\"@type\":\"ListItem\",\"position\":2,\"name\":\"Histoire de la marque\"}]},{\"@type\":\"WebSite\",\"@id\":\"https:\\\/\\\/ariel-france.fr\\\/#website\",\"url\":\"https:\\\/\\\/ariel-france.fr\\\/\",\"name\":\"Extrem Road Cars SAS\",\"description\":\"Distributeur officiel Ariel Motor pour la France\",\"publisher\":{\"@id\":\"https:\\\/\\\/ariel-france.fr\\\/#organization\"},\"potentialAction\":[{\"@type\":\"SearchAction\",\"target\":{\"@type\":\"EntryPoint\",\"urlTemplate\":\"https:\\\/\\\/ariel-france.fr\\\/?s={search_term_string}\"},\"query-input\":{\"@type\":\"PropertyValueSpecification\",\"valueRequired\":true,\"valueName\":\"search_term_string\"}}],\"inLanguage\":\"fr-FR\"},{\"@type\":\"Organization\",\"@id\":\"https:\\\/\\\/ariel-france.fr\\\/#organization\",\"name\":\"Extrem Road Cars SAS\",\"url\":\"https:\\\/\\\/ariel-france.fr\\\/\",\"logo\":{\"@type\":\"ImageObject\",\"inLanguage\":\"fr-FR\",\"@id\":\"https:\\\/\\\/ariel-france.fr\\\/#\\\/schema\\\/logo\\\/image\\\/\",\"url\":\"https:\\\/\\\/ariel-france.fr\\\/wp-content\\\/uploads\\\/2019\\\/10\\\/cropped-ariel-logo-blanc.png\",\"contentUrl\":\"https:\\\/\\\/ariel-france.fr\\\/wp-content\\\/uploads\\\/2019\\\/10\\\/cropped-ariel-logo-blanc.png\",\"width\":250,\"height\":250,\"caption\":\"Extrem Road Cars SAS\"},\"image\":{\"@id\":\"https:\\\/\\\/ariel-france.fr\\\/#\\\/schema\\\/logo\\\/image\\\/\"}}]}<\/script>\n<!-- \/ Yoast SEO plugin. -->","yoast_head_json":{"title":"Histoire de la marque - Extrem Road Cars SAS","robots":{"index":"index","follow":"follow","max-snippet":"max-snippet:-1","max-image-preview":"max-image-preview:large","max-video-preview":"max-video-preview:-1"},"canonical":"https:\/\/ariel-france.fr\/index.php\/histoire-de-la-marque\/","og_locale":"fr_FR","og_type":"article","og_title":"Histoire de la marque - Extrem Road Cars SAS","og_description":"&nbsp;La voiture la plus dingue du moment De leur premier v\u00e9lo \u00e0 roue de 48 pouces, brevet\u00e9 en 1870, jusqu&rsquo;aux mod\u00e8les de voitures que l&rsquo;on connait aujourd&rsquo;hui, Ariel a toujours innov\u00e9 tant au niveau design que technique. Pr\u00e9sent depuis le d\u00e9but de l&rsquo;\u00e8re du transport, Ariel produit maintenant les v\u00e9hicules les plus performants et int\u00e9ressants &hellip; Continuer la lecture de &laquo;&nbsp;Histoire de la marque&nbsp;&raquo;","og_url":"https:\/\/ariel-france.fr\/index.php\/histoire-de-la-marque\/","og_site_name":"Extrem Road Cars SAS","article_modified_time":"2019-12-10T21:23:40+00:00","og_image":[{"url":"https:\/\/www.arielmotor.co.uk\/style\/temp\/quoteOpen.png","type":"","width":"","height":""}],"twitter_card":"summary_large_image","twitter_misc":{"Dur\u00e9e de lecture estim\u00e9e":"2 minutes"},"schema":{"@context":"https:\/\/schema.org","@graph":[{"@type":"WebPage","@id":"https:\/\/ariel-france.fr\/index.php\/histoire-de-la-marque\/","url":"https:\/\/ariel-france.fr\/index.php\/histoire-de-la-marque\/","name":"Histoire de la marque - Extrem Road Cars SAS","isPartOf":{"@id":"https:\/\/ariel-france.fr\/#website"},"primaryImageOfPage":{"@id":"https:\/\/ariel-france.fr\/index.php\/histoire-de-la-marque\/#primaryimage"},"image":{"@id":"https:\/\/ariel-france.fr\/index.php\/histoire-de-la-marque\/#primaryimage"},"thumbnailUrl":"https:\/\/www.arielmotor.co.uk\/style\/temp\/quoteOpen.png","datePublished":"2019-10-23T19:37:19+00:00","dateModified":"2019-12-10T21:23:40+00:00","breadcrumb":{"@id":"https:\/\/ariel-france.fr\/index.php\/histoire-de-la-marque\/#breadcrumb"},"inLanguage":"fr-FR","potentialAction":[{"@type":"ReadAction","target":["https:\/\/ariel-france.fr\/index.php\/histoire-de-la-marque\/"]}]},{"@type":"ImageObject","inLanguage":"fr-FR","@id":"https:\/\/ariel-france.fr\/index.php\/histoire-de-la-marque\/#primaryimage","url":"https:\/\/www.arielmotor.co.uk\/style\/temp\/quoteOpen.png","contentUrl":"https:\/\/www.arielmotor.co.uk\/style\/temp\/quoteOpen.png"},{"@type":"BreadcrumbList","@id":"https:\/\/ariel-france.fr\/index.php\/histoire-de-la-marque\/#breadcrumb","itemListElement":[{"@type":"ListItem","position":1,"name":"Accueil","item":"https:\/\/ariel-france.fr\/"},{"@type":"ListItem","position":2,"name":"Histoire de la marque"}]},{"@type":"WebSite","@id":"https:\/\/ariel-france.fr\/#website","url":"https:\/\/ariel-france.fr\/","name":"Extrem Road Cars SAS","description":"Distributeur officiel Ariel Motor pour la France","publisher":{"@id":"https:\/\/ariel-france.fr\/#organization"},"potentialAction":[{"@type":"SearchAction","target":{"@type":"EntryPoint","urlTemplate":"https:\/\/ariel-france.fr\/?s={search_term_string}"},"query-input":{"@type":"PropertyValueSpecification","valueRequired":true,"valueName":"search_term_string"}}],"inLanguage":"fr-FR"},{"@type":"Organization","@id":"https:\/\/ariel-france.fr\/#organization","name":"Extrem Road Cars SAS","url":"https:\/\/ariel-france.fr\/","logo":{"@type":"ImageObject","inLanguage":"fr-FR","@id":"https:\/\/ariel-france.fr\/#\/schema\/logo\/image\/","url":"https:\/\/ariel-france.fr\/wp-content\/uploads\/2019\/10\/cropped-ariel-logo-blanc.png","contentUrl":"https:\/\/ariel-france.fr\/wp-content\/uploads\/2019\/10\/cropped-ariel-logo-blanc.png","width":250,"height":250,"caption":"Extrem Road Cars SAS"},"image":{"@id":"https:\/\/ariel-france.fr\/#\/schema\/logo\/image\/"}}]}},"_links":{"self":[{"href":"https:\/\/ariel-france.fr\/index.php\/wp-json\/wp\/v2\/pages\/32","targetHints":{"allow":["GET"]}}],"collection":[{"href":"https:\/\/ariel-france.fr\/index.php\/wp-json\/wp\/v2\/pages"}],"about":[{"href":"https:\/\/ariel-france.fr\/index.php\/wp-json\/wp\/v2\/types\/page"}],"author":[{"embeddable":true,"href":"https:\/\/ariel-france.fr\/index.php\/wp-json\/wp\/v2\/users\/1"}],"replies":[{"embeddable":true,"href":"https:\/\/ariel-france.fr\/index.php\/wp-json\/wp\/v2\/comments?post=32"}],"version-history":[{"count":15,"href":"https:\/\/ariel-france.fr\/index.php\/wp-json\/wp\/v2\/pages\/32\/revisions"}],"predecessor-version":[{"id":237,"href":"https:\/\/ariel-france.fr\/index.php\/wp-json\/wp\/v2\/pages\/32\/revisions\/237"}],"wp:attachment":[{"href":"https:\/\/ariel-france.fr\/index.php\/wp-json\/wp\/v2\/media?parent=32"}],"curies":[{"name":"wp","href":"https:\/\/api.w.org\/{rel}","templated":true}]}}