{"id":12,"date":"2019-10-23T21:31:12","date_gmt":"2019-10-23T19:31:12","guid":{"rendered":"http:\/\/ariel-france.fr\/?page_id=12"},"modified":"2024-04-13T17:00:42","modified_gmt":"2024-04-13T15:00:42","slug":"une-section-de-page-daccueil","status":"publish","type":"page","link":"https:\/\/ariel-france.fr\/index.php\/une-section-de-page-daccueil\/","title":{"rendered":"Ariel Atom 4 et 4R"},"content":{"rendered":"\n<figure class=\"wp-block-embed is-type-video is-provider-youtube wp-block-embed-youtube wp-embed-aspect-16-9 wp-has-aspect-ratio\"><div class=\"wp-block-embed__wrapper\">\n<iframe loading=\"lazy\" title=\"Ariel Atom 4\" width=\"525\" height=\"295\" src=\"https:\/\/www.youtube.com\/embed\/dUbi9uHvnEM?feature=oembed\" frameborder=\"0\" allow=\"accelerometer; autoplay; clipboard-write; encrypted-media; gyroscope; picture-in-picture; web-share\" referrerpolicy=\"strict-origin-when-cross-origin\" allowfullscreen><\/iframe>\n<\/div><\/figure>\n\n\n<p>De temps en temps, il arrive quelque chose qui change notre fa\u00e7on de penser.<\/p>\n<p>L&rsquo;Ariel Atom, cr\u00e9\u00e9e en 2000 avec son design unique et ses \u00e9volutions successives, est devenue une v\u00e9ritable ic\u00f4ne.<\/p>\n<p>Pas de portes, pas de toit, pas de compromis, un poids tr\u00e8s r\u00e9duit, c&rsquo;est unique, c&rsquo;est original et rien d&rsquo;autre ne s&rsquo;en approche. Rien du tout.<\/p>\n<p>Pour la nouvelle Atom 4, l&rsquo;Ing\u00e9nierie et la qualit\u00e9 des composants ont marqu\u00e9 une avanc\u00e9e jusqu&rsquo;ici inconnue dans cette gamme de v\u00e9hicules \u00ab\u00a0light\u00a0\u00bb.<\/p>\n<p>En termes de performances, l&rsquo;Atom 4 surpasse pratiquement tous les v\u00e9hicules.<\/p>\n<p>L&rsquo;Atom 4R de 400 cv annonc\u00e9e en 2023, et en production en 2024, est venue compl\u00e9ter la gamme dans sa version ultra sportive.<\/p>\n<p>C&rsquo;est aussi et surtout le plaisir de conduite et de pilotage ultime, sur route ou circuit.<\/p>\n<p>Cette Atom 4 peut maintenant \u00eatre homologu\u00e9e en France dans une version sp\u00e9cifique, merci de contacter Extrem Road Cars par mail si vous souhaitez plus de pr\u00e9cisions.<\/p>\n\n\n<figure class=\"wp-block-table\"><table><tbody><tr><td>Moteur<\/td><td>Honda K20C 2.0l Turbo (Civic Type R)<\/td><\/tr><tr><td>Boite de vitesses<\/td><td>Honda 6 vitesses manuelle ou S\u00e9quentielle Quaife<\/td><\/tr><tr><td>Puissance<\/td><td>320cv ou 350cv (6500tr\/min) ou 355cv (Homologu\u00e9e) ou 400cv (R)<\/td><\/tr><tr><td>Couple<\/td><td>420Nm (3000tr\/min), 460Nm (Homologu\u00e9e) ou 500Nm (R)<\/td><\/tr><tr><td> Poids<\/td><td>595kg<\/td><\/tr><tr><td>0-100km\/h<\/td><td>2.8s<\/td><\/tr><tr><td>0-160km\/h<\/td><td>6.7s et moins selon versions<\/td><\/tr><tr><td>Vmax<\/td><td>260km\/h<\/td><\/tr><\/tbody><\/table><\/figure>\n\n\n\n<figure class=\"wp-block-gallery has-nested-images columns-default is-cropped wp-block-gallery-1 is-layout-flex wp-block-gallery-is-layout-flex\">\n<figure class=\"wp-block-image size-large\"><a href=\"https:\/\/ariel-france.fr\/wp-content\/uploads\/2019\/10\/gallery-atom4.jpg\"><img loading=\"lazy\" decoding=\"async\" width=\"1024\" height=\"640\" data-id=\"29\" src=\"https:\/\/ariel-france.fr\/wp-content\/uploads\/2019\/10\/gallery-atom4-1024x640.jpg\" alt=\"\" class=\"wp-image-29\" srcset=\"https:\/\/ariel-france.fr\/wp-content\/uploads\/2019\/10\/gallery-atom4-1024x640.jpg 1024w, https:\/\/ariel-france.fr\/wp-content\/uploads\/2019\/10\/gallery-atom4-300x188.jpg 300w, https:\/\/ariel-france.fr\/wp-content\/uploads\/2019\/10\/gallery-atom4-768x480.jpg 768w\" sizes=\"auto, (max-width: 767px) 89vw, (max-width: 1000px) 54vw, (max-width: 1071px) 543px, 580px\" \/><\/a><figcaption class=\"wp-element-caption\">Photo : ArielMotor<\/figcaption><\/figure>\n\n\n\n<figure class=\"wp-block-image size-large\"><a href=\"https:\/\/ariel-france.fr\/wp-content\/uploads\/2019\/10\/ob_ce0927_ariel-atom-10.jpg\"><img loading=\"lazy\" decoding=\"async\" width=\"1024\" height=\"640\" data-id=\"58\" src=\"https:\/\/ariel-france.fr\/wp-content\/uploads\/2019\/10\/ob_ce0927_ariel-atom-10-1024x640.jpg\" alt=\"\" class=\"wp-image-58\" srcset=\"https:\/\/ariel-france.fr\/wp-content\/uploads\/2019\/10\/ob_ce0927_ariel-atom-10-1024x640.jpg 1024w, https:\/\/ariel-france.fr\/wp-content\/uploads\/2019\/10\/ob_ce0927_ariel-atom-10-300x188.jpg 300w, https:\/\/ariel-france.fr\/wp-content\/uploads\/2019\/10\/ob_ce0927_ariel-atom-10-768x480.jpg 768w, https:\/\/ariel-france.fr\/wp-content\/uploads\/2019\/10\/ob_ce0927_ariel-atom-10.jpg 1280w\" sizes=\"auto, (max-width: 767px) 89vw, (max-width: 1000px) 54vw, (max-width: 1071px) 543px, 580px\" \/><\/a><figcaption class=\"wp-element-caption\">Photo : ArielMotor<\/figcaption><\/figure>\n\n\n\n<figure class=\"wp-block-image size-large\"><a href=\"https:\/\/ariel-france.fr\/wp-content\/uploads\/2019\/10\/dsc00617.jpg\"><img loading=\"lazy\" decoding=\"async\" width=\"1024\" height=\"576\" data-id=\"117\" src=\"https:\/\/ariel-france.fr\/wp-content\/uploads\/2019\/10\/dsc00617-1024x576.jpg\" alt=\"\" class=\"wp-image-117\" srcset=\"https:\/\/ariel-france.fr\/wp-content\/uploads\/2019\/10\/dsc00617-1024x576.jpg 1024w, https:\/\/ariel-france.fr\/wp-content\/uploads\/2019\/10\/dsc00617-300x169.jpg 300w, https:\/\/ariel-france.fr\/wp-content\/uploads\/2019\/10\/dsc00617-768x432.jpg 768w, https:\/\/ariel-france.fr\/wp-content\/uploads\/2019\/10\/dsc00617.jpg 1959w\" sizes=\"auto, (max-width: 767px) 89vw, (max-width: 1000px) 54vw, (max-width: 1071px) 543px, 580px\" \/><\/a><\/figure>\n\n\n\n<figure class=\"wp-block-image size-large\"><a href=\"https:\/\/ariel-france.fr\/wp-content\/uploads\/2019\/10\/ARIEL-ATOM-4-008-L.jpg\"><img loading=\"lazy\" decoding=\"async\" width=\"1024\" height=\"640\" data-id=\"116\" src=\"https:\/\/ariel-france.fr\/wp-content\/uploads\/2019\/10\/ARIEL-ATOM-4-008-L-1024x640.jpg\" alt=\"\" class=\"wp-image-116\" srcset=\"https:\/\/ariel-france.fr\/wp-content\/uploads\/2019\/10\/ARIEL-ATOM-4-008-L-1024x640.jpg 1024w, https:\/\/ariel-france.fr\/wp-content\/uploads\/2019\/10\/ARIEL-ATOM-4-008-L-300x188.jpg 300w, https:\/\/ariel-france.fr\/wp-content\/uploads\/2019\/10\/ARIEL-ATOM-4-008-L-768x480.jpg 768w\" sizes=\"auto, (max-width: 767px) 89vw, (max-width: 1000px) 54vw, (max-width: 1071px) 543px, 580px\" \/><\/a><figcaption class=\"wp-element-caption\">Photo : ArielMotor<\/figcaption><\/figure>\n\n\n\n<figure class=\"wp-block-image size-large\"><a href=\"https:\/\/ariel-france.fr\/wp-content\/uploads\/2019\/10\/dsc00007.jpg\"><img loading=\"lazy\" decoding=\"async\" width=\"1024\" height=\"576\" data-id=\"115\" src=\"https:\/\/ariel-france.fr\/wp-content\/uploads\/2019\/10\/dsc00007-1024x576.jpg\" alt=\"Top Gear\" class=\"wp-image-115\" srcset=\"https:\/\/ariel-france.fr\/wp-content\/uploads\/2019\/10\/dsc00007-1024x576.jpg 1024w, https:\/\/ariel-france.fr\/wp-content\/uploads\/2019\/10\/dsc00007-300x169.jpg 300w, https:\/\/ariel-france.fr\/wp-content\/uploads\/2019\/10\/dsc00007-768x432.jpg 768w, https:\/\/ariel-france.fr\/wp-content\/uploads\/2019\/10\/dsc00007.jpg 1958w\" sizes=\"auto, (max-width: 767px) 89vw, (max-width: 1000px) 54vw, (max-width: 1071px) 543px, 580px\" \/><\/a><figcaption class=\"wp-element-caption\">Photo Top Gear Atom 4<\/figcaption><\/figure>\n\n\n\n<figure class=\"wp-block-image size-large\"><a href=\"https:\/\/ariel-france.fr\/wp-content\/uploads\/2019\/10\/24-ariel-atom-4-2018-fd-cornering-rear.jpg\"><img loading=\"lazy\" decoding=\"async\" width=\"900\" height=\"596\" data-id=\"114\" src=\"https:\/\/ariel-france.fr\/wp-content\/uploads\/2019\/10\/24-ariel-atom-4-2018-fd-cornering-rear.jpg\" alt=\"Autocar\" class=\"wp-image-114\" srcset=\"https:\/\/ariel-france.fr\/wp-content\/uploads\/2019\/10\/24-ariel-atom-4-2018-fd-cornering-rear.jpg 900w, https:\/\/ariel-france.fr\/wp-content\/uploads\/2019\/10\/24-ariel-atom-4-2018-fd-cornering-rear-300x199.jpg 300w, https:\/\/ariel-france.fr\/wp-content\/uploads\/2019\/10\/24-ariel-atom-4-2018-fd-cornering-rear-768x509.jpg 768w\" sizes=\"auto, (max-width: 767px) 89vw, (max-width: 1000px) 54vw, (max-width: 1071px) 543px, 580px\" \/><\/a><figcaption class=\"wp-element-caption\">Photo : ArielMotor<\/figcaption><\/figure>\n<\/figure>\n","protected":false},"excerpt":{"rendered":"<p>De temps en temps, il arrive quelque chose qui change notre fa\u00e7on de penser. L&rsquo;Ariel Atom, cr\u00e9\u00e9e en 2000 avec son design unique et ses \u00e9volutions successives, est devenue une v\u00e9ritable ic\u00f4ne. Pas de portes, pas de toit, pas de compromis, un poids tr\u00e8s r\u00e9duit, c&rsquo;est unique, c&rsquo;est original et rien d&rsquo;autre ne s&rsquo;en approche. &hellip; <\/p>\n<p class=\"link-more\"><a href=\"https:\/\/ariel-france.fr\/index.php\/une-section-de-page-daccueil\/\" class=\"more-link\">Continuer la lecture<span class=\"screen-reader-text\"> de &laquo;&nbsp;Ariel Atom 4 et 4R&nbsp;&raquo;<\/span><\/a><\/p>\n","protected":false},"author":1,"featured_media":0,"parent":0,"menu_order":0,"comment_status":"closed","ping_status":"closed","template":"","meta":{"footnotes":""},"class_list":["post-12","page","type-page","status-publish","hentry"],"yoast_head":"<!-- This site is optimized with the Yoast SEO plugin v27.4 - https:\/\/yoast.com\/product\/yoast-seo-wordpress\/ -->\n<title>Ariel Atom 4 et 4R - Extrem Road Cars SAS<\/title>\n<meta name=\"robots\" content=\"index, follow, max-snippet:-1, max-image-preview:large, max-video-preview:-1\" \/>\n<link rel=\"canonical\" href=\"https:\/\/ariel-france.fr\/index.php\/une-section-de-page-daccueil\/\" \/>\n<meta property=\"og:locale\" content=\"fr_FR\" \/>\n<meta property=\"og:type\" content=\"article\" \/>\n<meta property=\"og:title\" content=\"Ariel Atom 4 et 4R - Extrem Road Cars SAS\" \/>\n<meta property=\"og:description\" content=\"De temps en temps, il arrive quelque chose qui change notre fa\u00e7on de penser. L&rsquo;Ariel Atom, cr\u00e9\u00e9e en 2000 avec son design unique et ses \u00e9volutions successives, est devenue une v\u00e9ritable ic\u00f4ne. Pas de portes, pas de toit, pas de compromis, un poids tr\u00e8s r\u00e9duit, c&rsquo;est unique, c&rsquo;est original et rien d&rsquo;autre ne s&rsquo;en approche. &hellip; Continuer la lecture de &laquo;&nbsp;Ariel Atom 4 et 4R&nbsp;&raquo;\" \/>\n<meta property=\"og:url\" content=\"https:\/\/ariel-france.fr\/index.php\/une-section-de-page-daccueil\/\" \/>\n<meta property=\"og:site_name\" content=\"Extrem Road Cars SAS\" \/>\n<meta property=\"article:modified_time\" content=\"2024-04-13T15:00:42+00:00\" \/>\n<meta property=\"og:image\" content=\"https:\/\/ariel-france.fr\/wp-content\/uploads\/2019\/10\/gallery-atom4-1024x640.jpg\" \/>\n<meta name=\"twitter:card\" content=\"summary_large_image\" \/>\n<meta name=\"twitter:label1\" content=\"Dur\u00e9e de lecture estim\u00e9e\" \/>\n\t<meta name=\"twitter:data1\" content=\"3 minutes\" \/>\n<script type=\"application\/ld+json\" class=\"yoast-schema-graph\">{\"@context\":\"https:\\\/\\\/schema.org\",\"@graph\":[{\"@type\":\"WebPage\",\"@id\":\"https:\\\/\\\/ariel-france.fr\\\/index.php\\\/une-section-de-page-daccueil\\\/\",\"url\":\"https:\\\/\\\/ariel-france.fr\\\/index.php\\\/une-section-de-page-daccueil\\\/\",\"name\":\"Ariel Atom 4 et 4R - Extrem Road Cars SAS\",\"isPartOf\":{\"@id\":\"https:\\\/\\\/ariel-france.fr\\\/#website\"},\"primaryImageOfPage\":{\"@id\":\"https:\\\/\\\/ariel-france.fr\\\/index.php\\\/une-section-de-page-daccueil\\\/#primaryimage\"},\"image\":{\"@id\":\"https:\\\/\\\/ariel-france.fr\\\/index.php\\\/une-section-de-page-daccueil\\\/#primaryimage\"},\"thumbnailUrl\":\"https:\\\/\\\/ariel-france.fr\\\/wp-content\\\/uploads\\\/2019\\\/10\\\/gallery-atom4-1024x640.jpg\",\"datePublished\":\"2019-10-23T19:31:12+00:00\",\"dateModified\":\"2024-04-13T15:00:42+00:00\",\"breadcrumb\":{\"@id\":\"https:\\\/\\\/ariel-france.fr\\\/index.php\\\/une-section-de-page-daccueil\\\/#breadcrumb\"},\"inLanguage\":\"fr-FR\",\"potentialAction\":[{\"@type\":\"ReadAction\",\"target\":[\"https:\\\/\\\/ariel-france.fr\\\/index.php\\\/une-section-de-page-daccueil\\\/\"]}]},{\"@type\":\"ImageObject\",\"inLanguage\":\"fr-FR\",\"@id\":\"https:\\\/\\\/ariel-france.fr\\\/index.php\\\/une-section-de-page-daccueil\\\/#primaryimage\",\"url\":\"https:\\\/\\\/ariel-france.fr\\\/wp-content\\\/uploads\\\/2019\\\/10\\\/gallery-atom4.jpg\",\"contentUrl\":\"https:\\\/\\\/ariel-france.fr\\\/wp-content\\\/uploads\\\/2019\\\/10\\\/gallery-atom4.jpg\",\"width\":2560,\"height\":1600,\"caption\":\"Photo : ArielMotor\"},{\"@type\":\"BreadcrumbList\",\"@id\":\"https:\\\/\\\/ariel-france.fr\\\/index.php\\\/une-section-de-page-daccueil\\\/#breadcrumb\",\"itemListElement\":[{\"@type\":\"ListItem\",\"position\":1,\"name\":\"Accueil\",\"item\":\"https:\\\/\\\/ariel-france.fr\\\/\"},{\"@type\":\"ListItem\",\"position\":2,\"name\":\"Ariel Atom 4 et 4R\"}]},{\"@type\":\"WebSite\",\"@id\":\"https:\\\/\\\/ariel-france.fr\\\/#website\",\"url\":\"https:\\\/\\\/ariel-france.fr\\\/\",\"name\":\"Extrem Road Cars SAS\",\"description\":\"Distributeur officiel Ariel Motor pour la France\",\"publisher\":{\"@id\":\"https:\\\/\\\/ariel-france.fr\\\/#organization\"},\"potentialAction\":[{\"@type\":\"SearchAction\",\"target\":{\"@type\":\"EntryPoint\",\"urlTemplate\":\"https:\\\/\\\/ariel-france.fr\\\/?s={search_term_string}\"},\"query-input\":{\"@type\":\"PropertyValueSpecification\",\"valueRequired\":true,\"valueName\":\"search_term_string\"}}],\"inLanguage\":\"fr-FR\"},{\"@type\":\"Organization\",\"@id\":\"https:\\\/\\\/ariel-france.fr\\\/#organization\",\"name\":\"Extrem Road Cars SAS\",\"url\":\"https:\\\/\\\/ariel-france.fr\\\/\",\"logo\":{\"@type\":\"ImageObject\",\"inLanguage\":\"fr-FR\",\"@id\":\"https:\\\/\\\/ariel-france.fr\\\/#\\\/schema\\\/logo\\\/image\\\/\",\"url\":\"https:\\\/\\\/ariel-france.fr\\\/wp-content\\\/uploads\\\/2019\\\/10\\\/cropped-ariel-logo-blanc.png\",\"contentUrl\":\"https:\\\/\\\/ariel-france.fr\\\/wp-content\\\/uploads\\\/2019\\\/10\\\/cropped-ariel-logo-blanc.png\",\"width\":250,\"height\":250,\"caption\":\"Extrem Road Cars SAS\"},\"image\":{\"@id\":\"https:\\\/\\\/ariel-france.fr\\\/#\\\/schema\\\/logo\\\/image\\\/\"}}]}<\/script>\n<!-- \/ Yoast SEO plugin. -->","yoast_head_json":{"title":"Ariel Atom 4 et 4R - Extrem Road Cars SAS","robots":{"index":"index","follow":"follow","max-snippet":"max-snippet:-1","max-image-preview":"max-image-preview:large","max-video-preview":"max-video-preview:-1"},"canonical":"https:\/\/ariel-france.fr\/index.php\/une-section-de-page-daccueil\/","og_locale":"fr_FR","og_type":"article","og_title":"Ariel Atom 4 et 4R - Extrem Road Cars SAS","og_description":"De temps en temps, il arrive quelque chose qui change notre fa\u00e7on de penser. L&rsquo;Ariel Atom, cr\u00e9\u00e9e en 2000 avec son design unique et ses \u00e9volutions successives, est devenue une v\u00e9ritable ic\u00f4ne. Pas de portes, pas de toit, pas de compromis, un poids tr\u00e8s r\u00e9duit, c&rsquo;est unique, c&rsquo;est original et rien d&rsquo;autre ne s&rsquo;en approche. &hellip; Continuer la lecture de &laquo;&nbsp;Ariel Atom 4 et 4R&nbsp;&raquo;","og_url":"https:\/\/ariel-france.fr\/index.php\/une-section-de-page-daccueil\/","og_site_name":"Extrem Road Cars SAS","article_modified_time":"2024-04-13T15:00:42+00:00","og_image":[{"url":"https:\/\/ariel-france.fr\/wp-content\/uploads\/2019\/10\/gallery-atom4-1024x640.jpg","type":"","width":"","height":""}],"twitter_card":"summary_large_image","twitter_misc":{"Dur\u00e9e de lecture estim\u00e9e":"3 minutes"},"schema":{"@context":"https:\/\/schema.org","@graph":[{"@type":"WebPage","@id":"https:\/\/ariel-france.fr\/index.php\/une-section-de-page-daccueil\/","url":"https:\/\/ariel-france.fr\/index.php\/une-section-de-page-daccueil\/","name":"Ariel Atom 4 et 4R - Extrem Road Cars SAS","isPartOf":{"@id":"https:\/\/ariel-france.fr\/#website"},"primaryImageOfPage":{"@id":"https:\/\/ariel-france.fr\/index.php\/une-section-de-page-daccueil\/#primaryimage"},"image":{"@id":"https:\/\/ariel-france.fr\/index.php\/une-section-de-page-daccueil\/#primaryimage"},"thumbnailUrl":"https:\/\/ariel-france.fr\/wp-content\/uploads\/2019\/10\/gallery-atom4-1024x640.jpg","datePublished":"2019-10-23T19:31:12+00:00","dateModified":"2024-04-13T15:00:42+00:00","breadcrumb":{"@id":"https:\/\/ariel-france.fr\/index.php\/une-section-de-page-daccueil\/#breadcrumb"},"inLanguage":"fr-FR","potentialAction":[{"@type":"ReadAction","target":["https:\/\/ariel-france.fr\/index.php\/une-section-de-page-daccueil\/"]}]},{"@type":"ImageObject","inLanguage":"fr-FR","@id":"https:\/\/ariel-france.fr\/index.php\/une-section-de-page-daccueil\/#primaryimage","url":"https:\/\/ariel-france.fr\/wp-content\/uploads\/2019\/10\/gallery-atom4.jpg","contentUrl":"https:\/\/ariel-france.fr\/wp-content\/uploads\/2019\/10\/gallery-atom4.jpg","width":2560,"height":1600,"caption":"Photo : ArielMotor"},{"@type":"BreadcrumbList","@id":"https:\/\/ariel-france.fr\/index.php\/une-section-de-page-daccueil\/#breadcrumb","itemListElement":[{"@type":"ListItem","position":1,"name":"Accueil","item":"https:\/\/ariel-france.fr\/"},{"@type":"ListItem","position":2,"name":"Ariel Atom 4 et 4R"}]},{"@type":"WebSite","@id":"https:\/\/ariel-france.fr\/#website","url":"https:\/\/ariel-france.fr\/","name":"Extrem Road Cars SAS","description":"Distributeur officiel Ariel Motor pour la France","publisher":{"@id":"https:\/\/ariel-france.fr\/#organization"},"potentialAction":[{"@type":"SearchAction","target":{"@type":"EntryPoint","urlTemplate":"https:\/\/ariel-france.fr\/?s={search_term_string}"},"query-input":{"@type":"PropertyValueSpecification","valueRequired":true,"valueName":"search_term_string"}}],"inLanguage":"fr-FR"},{"@type":"Organization","@id":"https:\/\/ariel-france.fr\/#organization","name":"Extrem Road Cars SAS","url":"https:\/\/ariel-france.fr\/","logo":{"@type":"ImageObject","inLanguage":"fr-FR","@id":"https:\/\/ariel-france.fr\/#\/schema\/logo\/image\/","url":"https:\/\/ariel-france.fr\/wp-content\/uploads\/2019\/10\/cropped-ariel-logo-blanc.png","contentUrl":"https:\/\/ariel-france.fr\/wp-content\/uploads\/2019\/10\/cropped-ariel-logo-blanc.png","width":250,"height":250,"caption":"Extrem Road Cars SAS"},"image":{"@id":"https:\/\/ariel-france.fr\/#\/schema\/logo\/image\/"}}]}},"_links":{"self":[{"href":"https:\/\/ariel-france.fr\/index.php\/wp-json\/wp\/v2\/pages\/12","targetHints":{"allow":["GET"]}}],"collection":[{"href":"https:\/\/ariel-france.fr\/index.php\/wp-json\/wp\/v2\/pages"}],"about":[{"href":"https:\/\/ariel-france.fr\/index.php\/wp-json\/wp\/v2\/types\/page"}],"author":[{"embeddable":true,"href":"https:\/\/ariel-france.fr\/index.php\/wp-json\/wp\/v2\/users\/1"}],"replies":[{"embeddable":true,"href":"https:\/\/ariel-france.fr\/index.php\/wp-json\/wp\/v2\/comments?post=12"}],"version-history":[{"count":18,"href":"https:\/\/ariel-france.fr\/index.php\/wp-json\/wp\/v2\/pages\/12\/revisions"}],"predecessor-version":[{"id":257,"href":"https:\/\/ariel-france.fr\/index.php\/wp-json\/wp\/v2\/pages\/12\/revisions\/257"}],"wp:attachment":[{"href":"https:\/\/ariel-france.fr\/index.php\/wp-json\/wp\/v2\/media?parent=12"}],"curies":[{"name":"wp","href":"https:\/\/api.w.org\/{rel}","templated":true}]}}